{"id":1053,"date":"2014-08-03T16:35:15","date_gmt":"2014-08-03T15:35:15","guid":{"rendered":"http:\/\/www.club-vosgien-lemberg.net\/wordpress\/?page_id=1053"},"modified":"2014-08-03T19:05:10","modified_gmt":"2014-08-03T18:05:10","slug":"le-circuit-archeologique","status":"publish","type":"page","link":"https:\/\/www.club-vosgien-lemberg.net\/wordpress\/?page_id=1053","title":{"rendered":"Le circuit arch\u00e9ologique"},"content":{"rendered":"<p>Cette randonn\u00e9e courte, d&rsquo;un peu plus de deux heures, vous permettra de d\u00e9couvrir deux vestiges gallo-romains de la for\u00eat de Lemberg : la Source Saint Hubert et le Rocher des Trois Figures.<\/p>\n<h2>Parcours :<\/h2>\n<p>Cette randonn\u00e9e suit sur l&rsquo;ensemble de son parcours le signe \u00ab\u00a0triangle rouge\u00a0\u00bb. Le d\u00e9part est possible place de la Poste, au centre du village, ou depuis le refuge du Club Vosgien de Lemberg.<\/p>\n<p>La randonn\u00e9e fait 9 km et 405 m\u00e8tres de d\u00e9nivel\u00e9 positif. Le descriptif est fait dans le sens horaire, au d\u00e9part du refuge du club vosgien de Lemberg.<\/p>\n<h2>Carte :<\/h2>\n<p>[map style=\u00a0\u00bbwidth: auto; height:400px; margin:20px 0px 20px 0px; border: 1px solid black;\u00a0\u00bb gpx=\u00a0\u00bbhttp:\/\/www.club-vosgien-lemberg.net\/wordpress\/wp-content\/uploads\/triangle rouge.gpx\u00a0\u00bb]<\/p>\n<h2>Descriptif :<\/h2>\n<p>Garez votre v\u00e9hicule sur le parking du refuge du Club Vosgien de Lemberg.\u00a0Suivez le \u00ab\u00a0triangle rouge\u00a0\u00bb, en direction du village. Descendez la rue de la Montagne puis prenez \u00e0 gauche. Apr\u00e8s \u00eatre pass\u00e9 sous le pont SNCF, prenez \u00e0 droite en direction de la place<\/p>\n<div id=\"attachment_1062\" style=\"width: 160px\" class=\"wp-caption alignleft\"><a href=\"http:\/\/www.club-vosgien-lemberg.net\/wordpress\/wp-content\/uploads\/2014\/08\/exvoto.jpg\"><img aria-describedby=\"caption-attachment-1062\" decoding=\"async\" loading=\"lazy\" class=\"wp-image-1062 size-thumbnail\" src=\"http:\/\/www.club-vosgien-lemberg.net\/wordpress\/wp-content\/uploads\/2014\/08\/exvoto-150x150.jpg\" alt=\"Ex-voto\" width=\"150\" height=\"150\" srcset=\"https:\/\/www.club-vosgien-lemberg.net\/wordpress\/wp-content\/uploads\/2014\/08\/exvoto-150x150.jpg 150w, https:\/\/www.club-vosgien-lemberg.net\/wordpress\/wp-content\/uploads\/2014\/08\/exvoto-200x200.jpg 200w\" sizes=\"(max-width: 150px) 100vw, 150px\" \/><\/a><p id=\"caption-attachment-1062\" class=\"wp-caption-text\">Ex-voto<\/p><\/div>\n<p>de la Poste. Suivez la Grand&rsquo;rue, puis apr\u00e8s le restaurant \u00ab\u00a0A l&rsquo;auberge\u00a0\u00bb prenez \u00e0 gauche en direction de l&rsquo;\u00e9glise. Apr\u00e8s quelques minutes, empruntez un petit sentier qui vous am\u00e8nera au lotissement du village. Encore quelques centaines de m\u00e8tres et vous vous retrouvez en for\u00eat.<\/p>\n<p>Un large chemin s&rsquo;enfonce dans la vall\u00e9e et apr\u00e8s un d\u00e9nivel\u00e9 d&rsquo;une bonne cinquantaine de m\u00e8tres, vous serez devant l&rsquo;\u00e9tang du<\/p>\n<p>Schlossberg. Passez sur la digue de l&rsquo;\u00e9tang. Le chemin remonte l\u00e9g\u00e8rement vers le carrefour du Schlossberg, puis un petit sentier remonte \u00e0 droite. Un ex-voto, taill\u00e9 dans le gr\u00e8s, indique votre arriv\u00e9e imminente \u00e0 la \u00ab\u00a0<a href=\"http:\/\/www.club-vosgien-lemberg.net\/wordpress\/?page_id=178\" target=\"_blank\">Source Saint Hubert<\/a>\u00ab\u00a0. Encore quelques m\u00e8tres de mont\u00e9e et vous vous retrouvez devant le premier vestige gallo-romain de votre parcours. Passez quelques instants \u00e0 admirer le large rocher sculpt\u00e9 ainsi que le lavoir r\u00e9nov\u00e9 par le Club Vosgien de Lemberg en 2012.Le sentier continue en douce remont\u00e9e vers le carrefour des \u00ab\u00a0Deux Schlossberg\u00a0\u00bb.<\/p>\n<p>En face de vous, apr\u00e8s avoir travers\u00e9 le large chemin, le sentier reprend et se dirige vers la vall\u00e9e des \u00ab\u00a0Trois Figures\u00a0\u00bb.<\/p>\n<div id=\"attachment_1063\" style=\"width: 160px\" class=\"wp-caption alignright\"><a href=\"http:\/\/www.club-vosgien-lemberg.net\/wordpress\/wp-content\/uploads\/2014\/08\/source-saint-hubert-1.jpg\"><img aria-describedby=\"caption-attachment-1063\" decoding=\"async\" loading=\"lazy\" class=\"wp-image-1063 size-thumbnail\" src=\"http:\/\/www.club-vosgien-lemberg.net\/wordpress\/wp-content\/uploads\/2014\/08\/source-saint-hubert-1-150x150.jpg\" alt=\"Source Saint Hubert\" width=\"150\" height=\"150\" srcset=\"https:\/\/www.club-vosgien-lemberg.net\/wordpress\/wp-content\/uploads\/2014\/08\/source-saint-hubert-1-150x150.jpg 150w, https:\/\/www.club-vosgien-lemberg.net\/wordpress\/wp-content\/uploads\/2014\/08\/source-saint-hubert-1-200x200.jpg 200w\" sizes=\"(max-width: 150px) 100vw, 150px\" \/><\/a><p id=\"caption-attachment-1063\" class=\"wp-caption-text\">Source Saint Hubert<\/p><\/div>\n<p>Quelques minutes vous suffiront pour atteindre un petit abreuvoir et un banc vous invitera \u00e0 faire une pause en contemplant la belle vall\u00e9e qui s&rsquo;offre \u00e0 vos yeux. Continuez sur le sentier qui traverse \u00e0 nouveau un large chemin. Au fond de la vall\u00e9e, vous pouvez admirer quelques \u00e9tangs.<\/p>\n<p>Traversez le ruisseau et engagez-vous sur un vieux chemin \u00e0 l&rsquo;ombre des h\u00eatres et des pins. Une courte remont\u00e9e vous d\u00e9pose sur un chemin plus large. Prenez \u00e0 votre gauche, dans le sens de la descente. Apr\u00e8s quelques centaines de m\u00e8tres, prenez un sentier \u00e0 votre droite : vous pouvez d&rsquo;ors et d\u00e9j\u00e0 apercevoir le deuxi\u00e8me vestige gallo-romain: \u00ab\u00a0<a href=\"http:\/\/www.club-vosgien-lemberg.net\/wordpress\/?page_id=178\" target=\"_blank\">Le Rocher des Trois Figures<\/a>\u00ab\u00a0.<\/p>\n<p>Profitez de quelques instants pour admirer le bloc de gr\u00e8s qui vous contemple depuis ses 20 si\u00e8cles, puis continuez votre ascension sur un petit sentier.<\/p>\n<div id=\"attachment_1069\" style=\"width: 160px\" class=\"wp-caption alignleft\"><a href=\"http:\/\/www.club-vosgien-lemberg.net\/wordpress\/wp-content\/uploads\/2014\/08\/triangle-rouge-4.jpg\"><img aria-describedby=\"caption-attachment-1069\" decoding=\"async\" loading=\"lazy\" class=\"wp-image-1069 size-thumbnail\" src=\"http:\/\/www.club-vosgien-lemberg.net\/wordpress\/wp-content\/uploads\/2014\/08\/triangle-rouge-4-150x150.jpg\" alt=\"Le rocher des &quot;Trois Figures&quot;\" width=\"150\" height=\"150\" \/><\/a><p id=\"caption-attachment-1069\" class=\"wp-caption-text\">Le rocher des \u00ab\u00a0Trois Figures\u00a0\u00bb<\/p><\/div>\n<p>Sur les hauteurs, prenez sur votre droite. Un sentier succ\u00e8de au chemin et apr\u00e8s 20 minutes vous arrivez \u00e0 l&rsquo;entr\u00e9e du village de Lemberg. Prenez sur votre gauche, traversez la route et remontez vers le terrain de football.\u00a0Le triangle rouge vous m\u00e8nera sur la piste cyclable qui va de Lemberg \u00e0 Bitche ; la prendre \u00e0 droite vous conduira \u00a0au refuge du Club Vosgien de Lemberg, votre point de d\u00e9part de cette belle randonn\u00e9e.<\/p>\n<p>&nbsp;<\/p>\n<p>&nbsp;<\/p>\n<p>&nbsp;<\/p>\n<div style=\"padding-bottom:20px; padding-top:10px;\" class=\"hupso-share-buttons\"><!-- Hupso Share Buttons - https:\/\/www.hupso.com\/share\/ --><a class=\"hupso_toolbar\" href=\"https:\/\/www.hupso.com\/share\/\"><img src=\"https:\/\/static.hupso.com\/share\/buttons\/lang\/fr\/share-medium.png\" style=\"border:0px; padding-top:5px; float:left;\" alt=\"Share Button\"\/><\/a><script type=\"text\/javascript\">var hupso_services_t=new Array(\"Twitter\",\"Facebook\",\"Email\");var hupso_background_t=\"#EAF4FF\";var hupso_border_t=\"#66CCFF\";var hupso_toolbar_size_t=\"medium\";var hupso_image_folder_url = \"\";var hupso_url_t=\"\";var hupso_title_t=\"Le circuit arch\u00e9ologique\";<\/script><script type=\"text\/javascript\" src=\"https:\/\/static.hupso.com\/share\/js\/share_toolbar.js\"><\/script><!-- Hupso Share Buttons --><\/div>","protected":false},"excerpt":{"rendered":"<p>Cette randonn\u00e9e courte, d&rsquo;un peu plus de deux heures, vous permettra de d\u00e9couvrir deux vestiges gallo-romains de la for\u00eat de Lemberg : la Source Saint Hubert et le Rocher des Trois Figures. Parcours : Cette randonn\u00e9e suit sur l&rsquo;ensemble de son parcours le signe \u00ab\u00a0triangle rouge\u00a0\u00bb. Le d\u00e9part est possible place de la Poste, au [&hellip;]<\/p>\n<div style=\"padding-bottom:20px; padding-top:10px;\" class=\"hupso-share-buttons\"><!-- Hupso Share Buttons - https:\/\/www.hupso.com\/share\/ --><a class=\"hupso_toolbar\" href=\"https:\/\/www.hupso.com\/share\/\"><img src=\"https:\/\/static.hupso.com\/share\/buttons\/lang\/fr\/share-medium.png\" style=\"border:0px; padding-top:5px; float:left;\" alt=\"Share Button\"\/><\/a><script type=\"text\/javascript\">var hupso_services_t=new Array(\"Twitter\",\"Facebook\",\"Email\");var hupso_background_t=\"#EAF4FF\";var hupso_border_t=\"#66CCFF\";var hupso_toolbar_size_t=\"medium\";var hupso_image_folder_url = \"\";var hupso_url_t=\"\";var hupso_title_t=\"Le circuit arch\u00e9ologique\";<\/script><script type=\"text\/javascript\" src=\"https:\/\/static.hupso.com\/share\/js\/share_toolbar.js\"><\/script><!-- Hupso Share Buttons --><\/div>","protected":false},"author":2,"featured_media":0,"parent":14,"menu_order":0,"comment_status":"closed","ping_status":"closed","template":"","meta":{"_monsterinsights_skip_tracking":false,"_monsterinsights_sitenote_active":false,"_monsterinsights_sitenote_note":"","_monsterinsights_sitenote_category":0},"_links":{"self":[{"href":"https:\/\/www.club-vosgien-lemberg.net\/wordpress\/index.php?rest_route=\/wp\/v2\/pages\/1053"}],"collection":[{"href":"https:\/\/www.club-vosgien-lemberg.net\/wordpress\/index.php?rest_route=\/wp\/v2\/pages"}],"about":[{"href":"https:\/\/www.club-vosgien-lemberg.net\/wordpress\/index.php?rest_route=\/wp\/v2\/types\/page"}],"author":[{"embeddable":true,"href":"https:\/\/www.club-vosgien-lemberg.net\/wordpress\/index.php?rest_route=\/wp\/v2\/users\/2"}],"replies":[{"embeddable":true,"href":"https:\/\/www.club-vosgien-lemberg.net\/wordpress\/index.php?rest_route=%2Fwp%2Fv2%2Fcomments&post=1053"}],"version-history":[{"count":15,"href":"https:\/\/www.club-vosgien-lemberg.net\/wordpress\/index.php?rest_route=\/wp\/v2\/pages\/1053\/revisions"}],"predecessor-version":[{"id":1078,"href":"https:\/\/www.club-vosgien-lemberg.net\/wordpress\/index.php?rest_route=\/wp\/v2\/pages\/1053\/revisions\/1078"}],"up":[{"embeddable":true,"href":"https:\/\/www.club-vosgien-lemberg.net\/wordpress\/index.php?rest_route=\/wp\/v2\/pages\/14"}],"wp:attachment":[{"href":"https:\/\/www.club-vosgien-lemberg.net\/wordpress\/index.php?rest_route=%2Fwp%2Fv2%2Fmedia&parent=1053"}],"curies":[{"name":"wp","href":"https:\/\/api.w.org\/{rel}","templated":true}]}}