{"id":109,"date":"2011-01-05T14:16:31","date_gmt":"2011-01-05T13:16:31","guid":{"rendered":"http:\/\/www.club-vosgien-lemberg.net\/wordpress\/?page_id=109"},"modified":"2011-02-14T21:05:02","modified_gmt":"2011-02-14T20:05:02","slug":"le-sentier-des-grottes","status":"publish","type":"page","link":"https:\/\/www.club-vosgien-lemberg.net\/wordpress\/?page_id=109","title":{"rendered":"Le sentier des grottes"},"content":{"rendered":"<p><a href=\"http:\/\/www.club-vosgien-lemberg.net\/wordpress\/wp-content\/uploads\/2011\/01\/hasslinger.jpg\"><img decoding=\"async\" loading=\"lazy\" class=\"alignleft size-full wp-image-119\" title=\"hasslinger\" src=\"http:\/\/www.club-vosgien-lemberg.net\/wordpress\/wp-content\/uploads\/2011\/01\/hasslinger.jpg\" alt=\"\" width=\"150\" height=\"101\" \/><\/a>Cette randonn\u00e9e est une des plus populaire \u00e0 Lemberg. L&rsquo;ancien balisage \u00ab\u00a0disque jaune\u00a0\u00bb a \u00e9t\u00e9 remplac\u00e9 par le signe de randonn\u00e9e circulaire \u00ab\u00a0anneau jaune\u00a0\u00bb sur la totalit\u00e9 du parcours.<span> <\/span>Le circuit vous fera d\u00e9couvrir quelques belles sculptures naturelles dans la vall\u00e9e de la Bildmuhl et sur le Krippenberg. Cette randonn\u00e9e ne pr\u00e9sente pas de difficult\u00e9 particuli\u00e8re.<\/p>\n<address> Distance totale:  7 km Dur\u00e9e de marche estim\u00e9e: 2 heures 15&prime;    D\u00e9nivel\u00e9 positif: 300m Altitude maximum: 423 m\u00e8tres    D\u00e9part: Chalet refuge \/gare<br \/>\nArriv\u00e9e: Chalet refuge\/ gare<br \/>\nBalisage: Anneau jaune <\/address>\n<p>Deux d\u00e9parts possibles :<\/p>\n<p><em>Garez votre v\u00e9hicule au Chalet du Club Vosgien. Si vous venez en train, le d\u00e9part est \u00e9galement possible depuis la gare.<\/em><\/p>\n<p>Suivez l&rsquo;anneau jaune en descendant les escaliers devant le chalet du Club Vosgien. Apr\u00e8s avoir long\u00e9 la piste cyclable sur quelques m\u00e8tres, un sentier s&rsquo;enfonce \u00e0 droite vers la vall\u00e9e. Quelques minutes plustard vous arrivez devant le lavoir du Wasserfelsen . La r\u00e9cente r\u00e9novation et la pose d&rsquo;un pont vous permet d&rsquo;acc\u00e9der \u00e0 un fin sentier qui vous d\u00e9pose quelques m\u00e8tres plus loin au Katzenfelsen <strong>(800m, 15&prime;)<\/strong>. Descendez sur le large chemin puis prenez \u00e0 gauche. Rapidement vous vous retrouvez \u00e0 la cascade des ondines dont l&rsquo;eau provient du lavoir.<\/p>\n<p>Restez sur le chemin. Apr\u00e8s quelques centaines de m\u00e8tres vous vous retrouvez devant un carrefour <strong>(1200m, 30&prime;)<\/strong>. Prenez \u00e0 gauche en direction du \u00ab Louis Loch \u00bb. Suivez toujours l&rsquo;anneau jaune.\u00a0 Le chemin suit la vall\u00e9e puis dans un virage en \u00e9pingle remonte brutalement \u00e0 votre gauche. Apr\u00e8s cette courte ascension, suivez toujours l&rsquo;anneau jaune. Sur les hauteurs, et avant de traverser le chemin vous pouvez admirer une st\u00e8le de gr\u00e8s pos\u00e9e par le Club Vosgien en l&rsquo;honneur d&rsquo;un soldat am\u00e9ricain retrouv\u00e9 sur les lieux pr\u00e8s de 40 ann\u00e9es apr\u00e8s les durs combats de lib\u00e9ration du village <strong>(3km, 45&prime;)<\/strong>.<\/p>\n<p>Le chemin continu sur les hauteurs du Krippenberg et d&rsquo;imposants h\u00eatres vous accompagnent dans votre excursion. Apr\u00e8s quelques minutes vous descendez par la gauche pour atteindre le Krippenfelsen. Le sentier remonte sur le chemin. Puis, \u00e0 nouveau, un petit sentier s&rsquo;enfonce \u00e0 gauche. Une poign\u00e9e de secondes plus tard il vous d\u00e9pose au \u00ab Chorfelsen \u00bb <strong>(3,5km, 1h)<\/strong>.   Une belle descente sous l&rsquo;ombre des pins vous am\u00e8ne ensuite au \u00ab Chorfelsen \u00bb <strong>(4km, 1h15)<\/strong>. C&rsquo;est probablement la grotte la plus impressionnante de votre parcours. La pr\u00e9sence d&rsquo;une chemin\u00e9e naturelle en fait un endroit de pr\u00e9dilection pour les traditionnels \u00ab Speckfest \u00bb. Nous vous rappelons toutefois qu&rsquo;il est interdit de faire du feu en for\u00eat ! J<\/p>\n<p>uste apr\u00e8s la grotte le chemin reprend vers le dessus du rocher. Apr\u00e8s un parcours relativement plat, le sentier prend \u00e0 gauche et descend dans la vall\u00e9e de la Bildmuhl. Apr\u00e8s le lavoir de la famille Gr\u00e9bil (4km, 1h30), vous traversez un petit ruisseau  \u00e0 gu\u00e9 puis remontez l\u00e9g\u00e8rement dans les sous bois. Le sentier suit alors d&rsquo;impressionnantes falaises de quelques m\u00e8tres de hauteur et finement sculpt\u00e9e par la pluie et le gel. Finalement il aboutit dans la vall\u00e9e de la Bildmuhl. Vous pouvez y d\u00e9couvrir une ancienne maison de pisciculture. Ne ratez surtout pas la petite sculpture dans la paroi rocheuse (<strong>5 km, 1h45)<\/strong>. Haute d&rsquo;une quarantaine de centim\u00e8tres, elle repr\u00e9sente la d\u00e9esse m\u00e8re. C&rsquo;est donc une sculpture gallo romaine vieille de plus de 20 si\u00e8cles !  Ici se trouvait non seulement un moulin mais aussi une annexe du village de Lemberg ! Apr\u00e8s les faits de guerre, les 8 familles s&rsquo;install\u00e8rent au village. Le sentier remonte vers quelques \u00e9tangs. Vous pouvez encore reconna\u00eetre des moellons qui subsistent de l&rsquo;occupation humaine en ces lieux jusqu&rsquo;en 1945.<\/p>\n<p>Le chemin remonte vers le village. A mis-c\u00f4te vous pouvez admirer les restes d&rsquo;un ancien lavoir : le lavoir du \u00ab Helloch \u00bb <strong>(6km, 2h)<\/strong>. Le sentier vous d\u00e9pose enfin au village de Lemberg. Vous pouvez rejoindre la gare, puis le Chalet du Club Vosgien en suivant l&rsquo;anneau jaune.<\/p>\n<p style=\"text-align: center;\"><a href=\"http:\/\/www.club-vosgien-lemberg.net\/wordpress\/wp-content\/uploads\/2011\/01\/ajaune1.png\"><img decoding=\"async\" loading=\"lazy\" class=\"aligncenter size-full wp-image-115\" title=\"ajaune1\" src=\"http:\/\/www.club-vosgien-lemberg.net\/wordpress\/wp-content\/uploads\/2011\/01\/ajaune1.png\" alt=\"\" width=\"400\" height=\"250\" \/><\/a><\/p>\n<div style=\"padding-bottom:20px; padding-top:10px;\" class=\"hupso-share-buttons\"><!-- Hupso Share Buttons - https:\/\/www.hupso.com\/share\/ --><a class=\"hupso_toolbar\" href=\"https:\/\/www.hupso.com\/share\/\"><img src=\"https:\/\/static.hupso.com\/share\/buttons\/lang\/fr\/share-medium.png\" style=\"border:0px; padding-top:5px; float:left;\" alt=\"Share Button\"\/><\/a><script type=\"text\/javascript\">var hupso_services_t=new Array(\"Twitter\",\"Facebook\",\"Email\");var hupso_background_t=\"#EAF4FF\";var hupso_border_t=\"#66CCFF\";var hupso_toolbar_size_t=\"medium\";var hupso_image_folder_url = \"\";var hupso_url_t=\"\";var hupso_title_t=\"Le sentier des grottes\";<\/script><script type=\"text\/javascript\" src=\"https:\/\/static.hupso.com\/share\/js\/share_toolbar.js\"><\/script><!-- Hupso Share Buttons --><\/div>","protected":false},"excerpt":{"rendered":"<p>Cette randonn\u00e9e est une des plus populaire \u00e0 Lemberg. L&rsquo;ancien balisage \u00ab\u00a0disque jaune\u00a0\u00bb a \u00e9t\u00e9 remplac\u00e9 par le signe de randonn\u00e9e circulaire \u00ab\u00a0anneau jaune\u00a0\u00bb sur la totalit\u00e9 du parcours. Le circuit vous fera d\u00e9couvrir quelques belles sculptures naturelles dans la vall\u00e9e de la Bildmuhl et sur le Krippenberg. Cette randonn\u00e9e ne pr\u00e9sente pas de difficult\u00e9 [&hellip;]<\/p>\n<div style=\"padding-bottom:20px; padding-top:10px;\" class=\"hupso-share-buttons\"><!-- Hupso Share Buttons - https:\/\/www.hupso.com\/share\/ --><a class=\"hupso_toolbar\" href=\"https:\/\/www.hupso.com\/share\/\"><img src=\"https:\/\/static.hupso.com\/share\/buttons\/lang\/fr\/share-medium.png\" style=\"border:0px; padding-top:5px; float:left;\" alt=\"Share Button\"\/><\/a><script type=\"text\/javascript\">var hupso_services_t=new Array(\"Twitter\",\"Facebook\",\"Email\");var hupso_background_t=\"#EAF4FF\";var hupso_border_t=\"#66CCFF\";var hupso_toolbar_size_t=\"medium\";var hupso_image_folder_url = \"\";var hupso_url_t=\"\";var hupso_title_t=\"Le sentier des grottes\";<\/script><script type=\"text\/javascript\" src=\"https:\/\/static.hupso.com\/share\/js\/share_toolbar.js\"><\/script><!-- Hupso Share Buttons --><\/div>","protected":false},"author":1,"featured_media":0,"parent":14,"menu_order":0,"comment_status":"closed","ping_status":"closed","template":"onecolumn-page.php","meta":{"_monsterinsights_skip_tracking":false,"_monsterinsights_sitenote_active":false,"_monsterinsights_sitenote_note":"","_monsterinsights_sitenote_category":0},"_links":{"self":[{"href":"https:\/\/www.club-vosgien-lemberg.net\/wordpress\/index.php?rest_route=\/wp\/v2\/pages\/109"}],"collection":[{"href":"https:\/\/www.club-vosgien-lemberg.net\/wordpress\/index.php?rest_route=\/wp\/v2\/pages"}],"about":[{"href":"https:\/\/www.club-vosgien-lemberg.net\/wordpress\/index.php?rest_route=\/wp\/v2\/types\/page"}],"author":[{"embeddable":true,"href":"https:\/\/www.club-vosgien-lemberg.net\/wordpress\/index.php?rest_route=\/wp\/v2\/users\/1"}],"replies":[{"embeddable":true,"href":"https:\/\/www.club-vosgien-lemberg.net\/wordpress\/index.php?rest_route=%2Fwp%2Fv2%2Fcomments&post=109"}],"version-history":[{"count":9,"href":"https:\/\/www.club-vosgien-lemberg.net\/wordpress\/index.php?rest_route=\/wp\/v2\/pages\/109\/revisions"}],"predecessor-version":[{"id":224,"href":"https:\/\/www.club-vosgien-lemberg.net\/wordpress\/index.php?rest_route=\/wp\/v2\/pages\/109\/revisions\/224"}],"up":[{"embeddable":true,"href":"https:\/\/www.club-vosgien-lemberg.net\/wordpress\/index.php?rest_route=\/wp\/v2\/pages\/14"}],"wp:attachment":[{"href":"https:\/\/www.club-vosgien-lemberg.net\/wordpress\/index.php?rest_route=%2Fwp%2Fv2%2Fmedia&parent=109"}],"curies":[{"name":"wp","href":"https:\/\/api.w.org\/{rel}","templated":true}]}}