{"id":123,"date":"2011-01-05T14:51:15","date_gmt":"2011-01-05T13:51:15","guid":{"rendered":"http:\/\/www.club-vosgien-lemberg.net\/wordpress\/?page_id=123"},"modified":"2014-08-06T17:10:24","modified_gmt":"2014-08-06T16:10:24","slug":"la-bildmuhl","status":"publish","type":"page","link":"https:\/\/www.club-vosgien-lemberg.net\/wordpress\/?page_id=123","title":{"rendered":"La Bildmuhl"},"content":{"rendered":"<p>Cette promenade vous ferra d\u00e9couvrir la belle vall\u00e9e de la Bildmuhl. Elle est acc\u00e9ssible aux petits comme aux grands.<\/p>\n<h2>Parcours:<\/h2>\n<address>\u00a0<\/address>\n<address>Distance totale: 3 km<\/address>\n<address>Dur\u00e9e de marche estim\u00e9e: 1 heures<\/address>\n<address>D\u00e9nivel\u00e9 positif: 146m, \u00a0altitude maximum: 404 m\u00e8tres<\/address>\n<address>D\u00e9part: Chalet refuge<br \/>\nArriv\u00e9e: Chalet refuge<\/address>\n<address>Balisage:\u00a0Triangle bleu, puis anneau bleu.<\/address>\n<address>\u00a0<\/address>\n<h2>Carte:<\/h2>\n<address>\u00a0<\/address>\n<address>[map style=\u00a0\u00bbwidth: auto; height:400px; margin:20px 0px 20px 0px; border: 1px solid black;\u00a0\u00bb gpx=\u00a0\u00bbhttp:\/\/www.club-vosgien-lemberg.net\/wordpress\/wp-content\/uploads\/anneau bleu bildmuhl.gpx\u00a0\u00bb]<\/address>\n<address>\u00a0<\/address>\n<h2>Descriptif :<\/h2>\n<div id=\"attachment_1084\" style=\"width: 310px\" class=\"wp-caption alignleft\"><a href=\"http:\/\/www.club-vosgien-lemberg.net\/wordpress\/wp-content\/uploads\/2011\/01\/bild4.jpg\"><img aria-describedby=\"caption-attachment-1084\" decoding=\"async\" loading=\"lazy\" class=\"wp-image-1084 size-medium\" src=\"http:\/\/www.club-vosgien-lemberg.net\/wordpress\/wp-content\/uploads\/2011\/01\/bild4-300x224.jpg\" alt=\"???????????????????\" width=\"300\" height=\"224\" srcset=\"https:\/\/www.club-vosgien-lemberg.net\/wordpress\/wp-content\/uploads\/2011\/01\/bild4-300x224.jpg 300w, https:\/\/www.club-vosgien-lemberg.net\/wordpress\/wp-content\/uploads\/2011\/01\/bild4.jpg 667w\" sizes=\"(max-width: 300px) 100vw, 300px\" \/><\/a><p id=\"caption-attachment-1084\" class=\"wp-caption-text\">le Wasserfelsen<\/p><\/div>\n<p>Cette randonn\u00e9e circulaire vous permettra de d\u00e9couvrir une ancienne annexe du village, malheureusement disparue\u00a0depuis la deuxi\u00e8me guerre mondiale.<\/p>\n<p>Rendez-vous au chalet refuge du club vosgien de Lemberg. Pour acc\u00e9der au sentier, descendez le petit escalier devant le refuge. En suivant le triangle bleu vous passerez sous la ligne de chemin de fer. Apr\u00e8s quelques minutes vous vous retrouverez au lavoir du Wasserfelsen. Quelques m\u00e8tres plus bas vous arrivez au pied d&rsquo;une petite cascade du m\u00eame nom. Dans les ann\u00e9es 60, son nom a \u00e9t\u00e9 francis\u00e9 en \u00ab\u00a0cascade des ondines\u00a0\u00bb<strong>( 300m, 15&prime;)<\/strong>.<\/p>\n<div id=\"attachment_1085\" style=\"width: 310px\" class=\"wp-caption alignleft\"><a href=\"http:\/\/www.club-vosgien-lemberg.net\/wordpress\/wp-content\/uploads\/2011\/01\/bild3.jpg\"><img aria-describedby=\"caption-attachment-1085\" decoding=\"async\" loading=\"lazy\" class=\"size-medium wp-image-1085\" src=\"http:\/\/www.club-vosgien-lemberg.net\/wordpress\/wp-content\/uploads\/2011\/01\/bild3-300x224.jpg\" alt=\"En chemin...\" width=\"300\" height=\"224\" srcset=\"https:\/\/www.club-vosgien-lemberg.net\/wordpress\/wp-content\/uploads\/2011\/01\/bild3-300x224.jpg 300w, https:\/\/www.club-vosgien-lemberg.net\/wordpress\/wp-content\/uploads\/2011\/01\/bild3.jpg 667w\" sizes=\"(max-width: 300px) 100vw, 300px\" \/><\/a><p id=\"caption-attachment-1085\" class=\"wp-caption-text\">En chemin&#8230;<\/p><\/div>\n<p>Suivez l&rsquo;anneau bleu sur votre gauche. Apr\u00e8s 15 minutes de marche sur un chemin de terre, vous arrivez \u00e0 un \u00e9tang avec une petite maisonnette. Sur sa fa\u00e7ade est repr\u00e9sent\u00e9e une vue de la Bildmuhl telle qu&rsquo;elle se pr\u00e9sentait avant guerre<strong> (1200m, 30&prime;).<\/strong> Dans les proches environs vous pouvez encore reconna\u00eetre quelques moellons d&rsquo;habitations. Profitez de votre arriv\u00e9e sur place pour d\u00e9couvrir cette belle vall\u00e9e: en descendant vers la Bidmuhl inf\u00e9rieur ou en remontant vers le fond de la vall\u00e9e. Remontez vers le village en suivant toujours l&rsquo;anneau bleu. Apr\u00e8s 15 minutes d&rsquo;une lente remont\u00e9e vous arrivez pr\u00e8s du village. Au pont sncf deux alternatives s&rsquo;offrent \u00e0 vous : -redescendre vers la cascade du Wasserfelsen et remonter au Chalet par l\u00e0 ou vous \u00eates venu (anneau bleu), ou -suivre la route et le balisage \u00ab\u00a0rectangle jaune-blanc-jaune\u00a0\u00bb pour regagner le refuge. Apr\u00e8s 15 minutes, vous \u00eates arriv\u00e9 \u00e0 votre point de d\u00e9part.<\/p>\n<p>&nbsp;<\/p>\n<div style=\"padding-bottom:20px; padding-top:10px;\" class=\"hupso-share-buttons\"><!-- Hupso Share Buttons - https:\/\/www.hupso.com\/share\/ --><a class=\"hupso_toolbar\" href=\"https:\/\/www.hupso.com\/share\/\"><img src=\"https:\/\/static.hupso.com\/share\/buttons\/lang\/fr\/share-medium.png\" style=\"border:0px; padding-top:5px; float:left;\" alt=\"Share Button\"\/><\/a><script type=\"text\/javascript\">var hupso_services_t=new Array(\"Twitter\",\"Facebook\",\"Email\");var hupso_background_t=\"#EAF4FF\";var hupso_border_t=\"#66CCFF\";var hupso_toolbar_size_t=\"medium\";var hupso_image_folder_url = \"\";var hupso_url_t=\"\";var hupso_title_t=\"La Bildmuhl\";<\/script><script type=\"text\/javascript\" src=\"https:\/\/static.hupso.com\/share\/js\/share_toolbar.js\"><\/script><!-- Hupso Share Buttons --><\/div>","protected":false},"excerpt":{"rendered":"<p>Cette promenade vous ferra d\u00e9couvrir la belle vall\u00e9e de la Bildmuhl. Elle est acc\u00e9ssible aux petits comme aux grands. Parcours: \u00a0 Distance totale: 3 km Dur\u00e9e de marche estim\u00e9e: 1 heures D\u00e9nivel\u00e9 positif: 146m, \u00a0altitude maximum: 404 m\u00e8tres D\u00e9part: Chalet refuge Arriv\u00e9e: Chalet refuge Balisage:\u00a0Triangle bleu, puis anneau bleu. \u00a0 Carte: \u00a0 [map style=\u00a0\u00bbwidth: auto; [&hellip;]<\/p>\n<div style=\"padding-bottom:20px; padding-top:10px;\" class=\"hupso-share-buttons\"><!-- Hupso Share Buttons - https:\/\/www.hupso.com\/share\/ --><a class=\"hupso_toolbar\" href=\"https:\/\/www.hupso.com\/share\/\"><img src=\"https:\/\/static.hupso.com\/share\/buttons\/lang\/fr\/share-medium.png\" style=\"border:0px; padding-top:5px; float:left;\" alt=\"Share Button\"\/><\/a><script type=\"text\/javascript\">var hupso_services_t=new Array(\"Twitter\",\"Facebook\",\"Email\");var hupso_background_t=\"#EAF4FF\";var hupso_border_t=\"#66CCFF\";var hupso_toolbar_size_t=\"medium\";var hupso_image_folder_url = \"\";var hupso_url_t=\"\";var hupso_title_t=\"La Bildmuhl\";<\/script><script type=\"text\/javascript\" src=\"https:\/\/static.hupso.com\/share\/js\/share_toolbar.js\"><\/script><!-- Hupso Share Buttons --><\/div>","protected":false},"author":1,"featured_media":0,"parent":14,"menu_order":0,"comment_status":"closed","ping_status":"closed","template":"onecolumn-page.php","meta":{"_monsterinsights_skip_tracking":false,"_monsterinsights_sitenote_active":false,"_monsterinsights_sitenote_note":"","_monsterinsights_sitenote_category":0},"_links":{"self":[{"href":"https:\/\/www.club-vosgien-lemberg.net\/wordpress\/index.php?rest_route=\/wp\/v2\/pages\/123"}],"collection":[{"href":"https:\/\/www.club-vosgien-lemberg.net\/wordpress\/index.php?rest_route=\/wp\/v2\/pages"}],"about":[{"href":"https:\/\/www.club-vosgien-lemberg.net\/wordpress\/index.php?rest_route=\/wp\/v2\/types\/page"}],"author":[{"embeddable":true,"href":"https:\/\/www.club-vosgien-lemberg.net\/wordpress\/index.php?rest_route=\/wp\/v2\/users\/1"}],"replies":[{"embeddable":true,"href":"https:\/\/www.club-vosgien-lemberg.net\/wordpress\/index.php?rest_route=%2Fwp%2Fv2%2Fcomments&post=123"}],"version-history":[{"count":4,"href":"https:\/\/www.club-vosgien-lemberg.net\/wordpress\/index.php?rest_route=\/wp\/v2\/pages\/123\/revisions"}],"predecessor-version":[{"id":1083,"href":"https:\/\/www.club-vosgien-lemberg.net\/wordpress\/index.php?rest_route=\/wp\/v2\/pages\/123\/revisions\/1083"}],"up":[{"embeddable":true,"href":"https:\/\/www.club-vosgien-lemberg.net\/wordpress\/index.php?rest_route=\/wp\/v2\/pages\/14"}],"wp:attachment":[{"href":"https:\/\/www.club-vosgien-lemberg.net\/wordpress\/index.php?rest_route=%2Fwp%2Fv2%2Fmedia&parent=123"}],"curies":[{"name":"wp","href":"https:\/\/api.w.org\/{rel}","templated":true}]}}