{"id":247,"date":"2011-02-23T21:08:24","date_gmt":"2011-02-23T20:08:24","guid":{"rendered":"http:\/\/www.club-vosgien-lemberg.net\/wordpress\/?page_id=247"},"modified":"2014-07-27T07:48:42","modified_gmt":"2014-07-27T06:48:42","slug":"geocaching","status":"publish","type":"page","link":"https:\/\/www.club-vosgien-lemberg.net\/wordpress\/?page_id=247","title":{"rendered":"Geocaching !"},"content":{"rendered":"<p><a href=\"http:\/\/www.club-vosgien-lemberg.net\/wordpress\/wp-content\/uploads\/2011\/02\/geocaching.gif\"><img decoding=\"async\" loading=\"lazy\" class=\"size-thumbnail wp-image-254 alignleft\" title=\"geocaching\" src=\"http:\/\/www.club-vosgien-lemberg.net\/wordpress\/wp-content\/uploads\/2011\/02\/geocaching-150x150.gif\" alt=\"\" width=\"150\" height=\"150\" \/><\/a>Geocaching ?, mais qu&rsquo;est ce que c&rsquo;est que ce truc ?<\/p>\n<p>En fait, le g\u00e9ocaching est un m\u00e9lange de chasse au tr\u00e9sor et marche d&rsquo;orientation en utilisant un GPS. Le principe est simple :<\/p>\n<p>Certains g\u00e9ocacheurs d\u00e9posent une boite \u00e0 un endroit bien pr\u00e9cis, identifi\u00e9 avec ses coordonn\u00e9es GPS. Dans cette boite se trouve plusieurs choses : un carnet, pour noter son passage et des objets de faible valeur.\u00a0Lorsque\u00a0vous trouvez la boite, vous pouvez prendre un objet et le remplacer par un autre de m\u00eame valeur. En m\u00eame temps, vous pouvez noter votre passage sur le \u00ab\u00a0logBook\u00a0\u00bb et sur internet. Si pour les enfants l&rsquo;int\u00e9r\u00eat se trouve dans le cot\u00e9 \u00ab\u00a0chasse au tr\u00e9sor\u00a0\u00bb, pour les adultes c&rsquo;est la\u00a0plupart\u00a0du temps un\u00a0excellent\u00a0moyen de d\u00e9couvrir de nouveaux sites ignor\u00e9s des cartes et guides : un calvaire perdu, un point de vue particulier ou une grotte remarquable&#8230;<\/p>\n<p>Comment cela fonctionne-t-il ? D&rsquo;abord il faut trouver les coordonn\u00e9es d&rsquo;une \u00ab\u00a0cache\u00a0\u00bb. Celles ci sont disponibles uniquement sur internet sur le <a href=\"http:\/\/www.geocaching-france.com\" target=\"_blank\">site fran\u00e7ais<\/a> ou le <a href=\"http:\/\/www.geocaching.com\/\" target=\"_blank\">site am\u00e9ricain<\/a> officiel. Il est \u00e0 noter qu&rsquo;il faut ouvrir un compte pour avoir acc\u00e8s aux descriptifs et coordonn\u00e9es des caches. Il y a actuellement plus de 13.000 caches actives en France, dont une bonne partie dans le Nord-Est de la France. Comme GPS, l&rsquo;id\u00e9al est d&rsquo;utiliser un appareil sp\u00e9cifique pour la randonn\u00e9e. Mais de nos jours tous les t\u00e9l\u00e9phones permettent de t\u00e9l\u00e9charger des applications \u00ab\u00a0geocaching\u00a0\u00bb autant sur iPhone que sur Android ou Symbian de Nokia.<\/p>\n<p><a href=\"http:\/\/www.club-vosgien-lemberg.net\/wordpress\/wp-content\/uploads\/2011\/02\/Geocaching2.jpg\"><img decoding=\"async\" loading=\"lazy\" class=\"alignleft size-thumbnail wp-image-256\" title=\"Geocaching2\" src=\"http:\/\/www.club-vosgien-lemberg.net\/wordpress\/wp-content\/uploads\/2011\/02\/Geocaching2-150x150.jpg\" alt=\"\" width=\"150\" height=\"150\" \/><\/a>Pour pr\u00e9parer votre exp\u00e9dition, trouvez en premier lieu les diff\u00e9rentes caches qui\u00a0pourraient\u00a0vous\u00a0int\u00e9resser\u00a0sur la <a href=\"http:\/\/www.geocaching.com\/map\/default.aspx\" target=\"_blank\">carte interactive<\/a>. Nous prendrons comme exemple une cache situ\u00e9e \u00e0 Lemberg et\u00a0nomm\u00e9e\u00a0\u00ab\u00a0cascade des ondines\u00a0\u00bb. (attention, pour vos recherches utilisez \u00ab\u00a0lemberg france\u00a0\u00bb, sinon vous\u00a0risquez\u00a0de vous retrouver en Allemagne ou en Ukraine&#8230;). Consultez le descriptif, notez les coordonn\u00e9s, rep\u00e9rez l&rsquo;endroit approximatif sur la carte, noter \u00e9ventuellement le \u00ab\u00a0Spoiler\u00a0\u00bb qui est une photo pr\u00e9cise de l&rsquo;endroit ou se trouve la cache. Lorsque vous \u00eatres pr\u00eat, munissez vous de votre GPS et de votre carte de randonn\u00e9e puis partez \u00e0 la recherche du fameux tr\u00e9sor !<\/p>\n<p>Noter qu&rsquo;il existe diff\u00e9rents types de caches \u00a0(\u00e0 faire en une \u00e9tape, en plusieurs ou avec des\u00a0\u00e9nigmes\u00a0\u00e0 r\u00e9soudre). Il existe \u00e9galement des difficult\u00e9s croissantes: de 1 \u00e9toile (accessible\u00a0en fauteuil roulant) \u00e0 5 \u00e9toiles (mat\u00e9riel sp\u00e9cifique n\u00e9cessaire tel que cordes d&rsquo;escalades, \u00e9chelles, tenues de plong\u00e9e..).<\/p>\n<p>A Lemberg, et sur les sentiers balis\u00e9s par le Club Vosgien, vous pouvez d\u00e9couvrir une dizaine de \u00ab\u00a0caches\u00a0\u00bb.<\/p>\n<p>Si vous avez des difficult\u00e9s \u00e0 vous lancer dans l&rsquo;aventure, n&rsquo;h\u00e9sitez pas \u00e0 nous contacter. Nous trouverons certainement quelques heures pour une initiation.<\/p>\n<p>Les g\u00e9ocacheurs alsaciens sont de loin les plus actifs en France. Pour plus d&rsquo;informations, vous pouvez les joindre sur leur <a href=\"http:\/\/www.alsace-geocaching.fr\/\" target=\"_blank\">site internet<\/a> d\u00e9di\u00e9.<\/p>\n<p>Bonne chasse et profitez\u00a0pleinement\u00a0des sentiers et chemins balis\u00e9s par les Club Vosgiens !<\/p>\n<div style=\"padding-bottom:20px; padding-top:10px;\" class=\"hupso-share-buttons\"><!-- Hupso Share Buttons - https:\/\/www.hupso.com\/share\/ --><a class=\"hupso_toolbar\" href=\"https:\/\/www.hupso.com\/share\/\"><img src=\"https:\/\/static.hupso.com\/share\/buttons\/lang\/fr\/share-medium.png\" style=\"border:0px; padding-top:5px; float:left;\" alt=\"Share Button\"\/><\/a><script type=\"text\/javascript\">var hupso_services_t=new Array(\"Twitter\",\"Facebook\",\"Email\");var hupso_background_t=\"#EAF4FF\";var hupso_border_t=\"#66CCFF\";var hupso_toolbar_size_t=\"medium\";var hupso_image_folder_url = \"\";var hupso_url_t=\"\";var hupso_title_t=\"Geocaching !\";<\/script><script type=\"text\/javascript\" src=\"https:\/\/static.hupso.com\/share\/js\/share_toolbar.js\"><\/script><!-- Hupso Share Buttons --><\/div>","protected":false},"excerpt":{"rendered":"<p>Geocaching ?, mais qu&rsquo;est ce que c&rsquo;est que ce truc ? En fait, le g\u00e9ocaching est un m\u00e9lange de chasse au tr\u00e9sor et marche d&rsquo;orientation en utilisant un GPS. Le principe est simple : Certains g\u00e9ocacheurs d\u00e9posent une boite \u00e0 un endroit bien pr\u00e9cis, identifi\u00e9 avec ses coordonn\u00e9es GPS. Dans cette boite se trouve plusieurs [&hellip;]<\/p>\n<div style=\"padding-bottom:20px; padding-top:10px;\" class=\"hupso-share-buttons\"><!-- Hupso Share Buttons - https:\/\/www.hupso.com\/share\/ --><a class=\"hupso_toolbar\" href=\"https:\/\/www.hupso.com\/share\/\"><img src=\"https:\/\/static.hupso.com\/share\/buttons\/lang\/fr\/share-medium.png\" style=\"border:0px; padding-top:5px; float:left;\" alt=\"Share Button\"\/><\/a><script type=\"text\/javascript\">var hupso_services_t=new Array(\"Twitter\",\"Facebook\",\"Email\");var hupso_background_t=\"#EAF4FF\";var hupso_border_t=\"#66CCFF\";var hupso_toolbar_size_t=\"medium\";var hupso_image_folder_url = \"\";var hupso_url_t=\"\";var hupso_title_t=\"Geocaching !\";<\/script><script type=\"text\/javascript\" src=\"https:\/\/static.hupso.com\/share\/js\/share_toolbar.js\"><\/script><!-- Hupso Share Buttons --><\/div>","protected":false},"author":2,"featured_media":0,"parent":0,"menu_order":0,"comment_status":"open","ping_status":"closed","template":"","meta":{"_monsterinsights_skip_tracking":false,"_monsterinsights_sitenote_active":false,"_monsterinsights_sitenote_note":"","_monsterinsights_sitenote_category":0},"_links":{"self":[{"href":"https:\/\/www.club-vosgien-lemberg.net\/wordpress\/index.php?rest_route=\/wp\/v2\/pages\/247"}],"collection":[{"href":"https:\/\/www.club-vosgien-lemberg.net\/wordpress\/index.php?rest_route=\/wp\/v2\/pages"}],"about":[{"href":"https:\/\/www.club-vosgien-lemberg.net\/wordpress\/index.php?rest_route=\/wp\/v2\/types\/page"}],"author":[{"embeddable":true,"href":"https:\/\/www.club-vosgien-lemberg.net\/wordpress\/index.php?rest_route=\/wp\/v2\/users\/2"}],"replies":[{"embeddable":true,"href":"https:\/\/www.club-vosgien-lemberg.net\/wordpress\/index.php?rest_route=%2Fwp%2Fv2%2Fcomments&post=247"}],"version-history":[{"count":9,"href":"https:\/\/www.club-vosgien-lemberg.net\/wordpress\/index.php?rest_route=\/wp\/v2\/pages\/247\/revisions"}],"predecessor-version":[{"id":960,"href":"https:\/\/www.club-vosgien-lemberg.net\/wordpress\/index.php?rest_route=\/wp\/v2\/pages\/247\/revisions\/960"}],"wp:attachment":[{"href":"https:\/\/www.club-vosgien-lemberg.net\/wordpress\/index.php?rest_route=%2Fwp%2Fv2%2Fmedia&parent=247"}],"curies":[{"name":"wp","href":"https:\/\/api.w.org\/{rel}","templated":true}]}}