{"id":425,"date":"2011-09-06T21:20:20","date_gmt":"2011-09-06T20:20:20","guid":{"rendered":"http:\/\/www.club-vosgien-lemberg.net\/wordpress\/?page_id=425"},"modified":"2017-03-14T19:34:23","modified_gmt":"2017-03-14T18:34:23","slug":"reservez-en-ligne","status":"publish","type":"page","link":"https:\/\/www.club-vosgien-lemberg.net\/wordpress\/?page_id=425","title":{"rendered":"R\u00e9servez en ligne"},"content":{"rendered":"<p>Avec le formulaire ci-dessous, vous pouvez r\u00e9server le refuge du Club Vosgien de Lemberg. La r\u00e9servation ne sera\u00a0effective\u00a0qu&rsquo;apr\u00e8s acceptation du contrat qui vous sera envoy\u00e9. S\u00e9lectionnez vos jours puis compl\u00e9tez les champs. Un mail de confirmation vous sera envoy\u00e9.<\/p>\n<p>&nbsp;<\/p>\n<p><strong>Pour des demandes de renseignements (tarifs, \u00e9quipements&#8230;) utilisez le menu \u00ab\u00a0<a href=\"http:\/\/www.club-vosgien-lemberg.net\/wordpress\/?page_id=96\">Contact<\/a>\u00ab\u00a0<\/strong><\/p>\n<p>&nbsp;<\/p>\n<p style=\"text-align: center;\"> <div id=\"form_id1184286061107\" class=\"wpdevelop\"><form  id=\"booking_form1\"   class=\"booking_form vertical\" method=\"post\" action=\"\"><div id=\"ajax_respond_insert1\" class=\"ajax_respond_insert\" style=\"display:none;\"><\/div><a name=\"bklnk1\" id=\"bklnk1\"><\/a><div id=\"booking_form_div1\" class=\"booking_form_div\"><div class=\"wpbc_booking_form_structure wpbc_vertical\">\n  <div class=\"wpbc_structure_calendar\">\n    <div class=\"wpbc_change_over_triangle\"><div class=\"bk_calendar_frame months_num_in_row_ cal_month_num_1 wpbc_timeslot_day_bg_as_available\" style=\"width:100%;max-width:284px;\"><div id=\"calendar_booking1\">Chargement du calendrier...<\/div><\/div><div style=\"font-size:9px;text-align:left;margin-top:3px;\">Powered by <a style=\"font-size:9px;\" href=\"https:\/\/wpbookingcalendar.com\" target=\"_blank\" title=\"Booking Calendar plugin for WordPress\">Booking Calendar<\/a><\/div><textarea id=\"date_booking1\" name=\"date_booking1\" autocomplete=\"off\" style=\"display:none;\"><\/textarea><div class=\"block_hints datepick\"><div class=\"wpdev_hint_with_text\"><div class=\"block_free datepick-days-cell\"><a>07<\/a><\/div><div class=\"block_text\">- Disponible<\/div><\/div><div class=\"wpdev_hint_with_text\"><div class=\"block_booked date_approved\">07<\/div><div class=\"block_text\">- Non disponible<\/div><\/div><div class=\"wpdev_hint_with_text\"><div class=\"block_pending date2approve\">07<\/div><div class=\"block_text\">- en attente de confirmation<\/div><\/div><\/div><div class=\"wpdev_clear_hint\"><\/div><\/div>\n  <\/div>\n  <div class=\"wpbc_structure_form\">\n  <div class=\"form-group\">  <label for=\"name1\" class=\"control-label\">Pr\u00e9nom*:<\/label>   <div class=\"controls\">   <input type=\"text\" name=\"name1\" id=\"name1\" class=\"input-xlarge wpdev-validates-as-required\" \/><\/div><\/div>  <div class=\"form-group\">  <label for=\"secondname1\" class=\"control-label\">Nom*:<\/label>   <div class=\"controls\">   <input type=\"text\" name=\"secondname1\" id=\"secondname1\" class=\"input-xlarge wpdev-validates-as-required\" \/><\/div><\/div>  <div class=\"form-group\">  <label for=\"email1\" class=\"control-label\">Email*:<\/label>   <div class=\"controls\">   <input type=\"text\" name=\"email1\" id=\"email1\" class=\"input-xlarge wpdev-validates-as-email wpdev-validates-as-required wpdev-validates-as-required\" \/><\/div><\/div>  <div class=\"form-group\">  <label for=\"visitors1\" class=\"control-label\">Adresse mail*:<\/label>   <div class=\"controls\">   <select name=\"visitors1\" id=\"visitors1\" class=\"input-xlarge wpdev-validates-as-required\" >  <option value=\"1\" >1<\/option>  <option value=\"2\" >2<\/option>  <option value=\"3\" >3<\/option>  <option value=\"4\" >4<\/option>     <\/select><\/div><\/div>  <div class=\"form-group\">  <label for=\"phone1\" class=\"control-label\">T\u00e9l\u00e9phone:<\/label>   <div class=\"controls\">   <input type=\"text\" name=\"phone1\" id=\"phone1\" class=\"input-xlarge\" \/><\/div><\/div>  <div class=\"form-group\">  <label for=\"details1\" class=\"control-label\">D\u00e9tails sur votre r\u00e9servation:<\/label>   <div class=\"controls\">   <textarea  rows=\"3\" name=\"details1\" id=\"details1\" class=\"input-xlarge\" ><\/textarea><\/div><\/div><div class=\"form-group\"><\/div>\n<div class=\"form-group\"><button class=\"btn btn-default\" type=\"button\" onclick=\"mybooking_submit(this.form,1,'fr_FR');\" >Envoyer<\/button><\/div>\n  <\/div>\n<\/div>\n<div class=\"wpbc_booking_form_footer\"><\/div><input id=\"bk_type1\" name=\"bk_type1\" class=\"\" type=\"hidden\" value=\"1\" \/><\/div><div id=\"submiting1\"><\/div><div class=\"form_bk_messages\" id=\"form_bk_messages1\" ><\/div><input type=\"hidden\" id=\"wpbc_nonce1\" name=\"wpbc_nonce1\" value=\"efe4f72662\" \/><input type=\"hidden\" name=\"_wp_http_referer\" value=\"\/wordpress\/index.php?rest_route=%2Fwp%2Fv2%2Fpages%2F425\" \/><input type=\"hidden\" id=\"wpbc_nonceCALCULATE_THE_COST1\" name=\"wpbc_nonceCALCULATE_THE_COST1\" value=\"974fa91680\" \/><input type=\"hidden\" name=\"_wp_http_referer\" value=\"\/wordpress\/index.php?rest_route=%2Fwp%2Fv2%2Fpages%2F425\" \/><\/form><\/div><div id=\"booking_form_garbage1\" class=\"booking_form_garbage\"><\/div><script type=\"text\/javascript\">\n                                jQuery(document).ready( function(){\n                                    jQuery(\".widget_wpdev_booking .booking_form.form-horizontal\").removeClass(\"form-horizontal\");\n                                    var visible_booking_id_on_page_num = visible_booking_id_on_page.length;\n                                    if (visible_booking_id_on_page_num !== null ) {\n                                        for (var i=0;i< visible_booking_id_on_page_num ;i++){\n                                          if ( visible_booking_id_on_page[i]==\"booking_form_div1\" ) {\n                                              document.getElementById(\"form_id1184286061107\").innerHTML = \"<span style='color:#A00;font-size:10px;'>Attention! Le calendrier des r\u00e9servations pour ce type de ressources est d\u00e9j\u00e0 sur la page, veuillez v\u00e9rifier toute question \u00e0 ce sujet sur cette page: https:\/\/wpbookingcalendar.com\/faq\/why-the-booking-calendar-widget-not-show-on-page\/.<\/span>\";                                                                                                  \n                                              jQuery(\"#form_id1184286061107\").animate( {opacity: 1}, 10000 ).fadeOut(5000);\n                                              return;\n                                          }\n                                        }\n                                        visible_booking_id_on_page[ visible_booking_id_on_page_num ]=\"booking_form_div1\";\n                                    }\n                                });\n                            <\/script> <script type='text\/javascript'>  jQuery(document).ready( function(){  date_admin_blank[1] = [];  date2approve[1] = []; if (typeof( date2approve[1][ '6-20-2026' ] ) == 'undefined'){  date2approve[1][ '6-20-2026' ] = [];}   date2approve[1][ '6-20-2026' ][  date2approve[1]['6-20-2026'].length  ] = [6, 20, 2026, 0, 0, 0]; if (typeof( date2approve[1][ '6-21-2026' ] ) == 'undefined'){  date2approve[1][ '6-21-2026' ] = [];}   date2approve[1][ '6-21-2026' ][  date2approve[1]['6-21-2026'].length  ] = [6, 21, 2026, 0, 0, 0]; if (typeof( date2approve[1][ '7-11-2026' ] ) == 'undefined'){  date2approve[1][ '7-11-2026' ] = [];}   date2approve[1][ '7-11-2026' ][  date2approve[1]['7-11-2026'].length  ] = [7, 11, 2026, 0, 0, 0]; if (typeof( date2approve[1][ '7-12-2026' ] ) == 'undefined'){  date2approve[1][ '7-12-2026' ] = [];}   date2approve[1][ '7-12-2026' ][  date2approve[1]['7-12-2026'].length  ] = [7, 12, 2026, 0, 0, 0]; if (typeof( date2approve[1][ '7-13-2026' ] ) == 'undefined'){  date2approve[1][ '7-13-2026' ] = [];}   date2approve[1][ '7-13-2026' ][  date2approve[1]['7-13-2026'].length  ] = [7, 13, 2026, 0, 0, 0];  var date_approved_par = []; if (typeof( date_approved_par[ '4-18-2026' ] ) == 'undefined'){  date_approved_par[ '4-18-2026' ] = [];}  date_approved_par[ '4-18-2026' ][  date_approved_par['4-18-2026'].length  ] = [4,18,2026, 0, 0, 0]; if (typeof( date_approved_par[ '4-19-2026' ] ) == 'undefined'){  date_approved_par[ '4-19-2026' ] = [];}  date_approved_par[ '4-19-2026' ][  date_approved_par['4-19-2026'].length  ] = [4,19,2026, 0, 0, 0]; if (typeof( date_approved_par[ '5-1-2026' ] ) == 'undefined'){  date_approved_par[ '5-1-2026' ] = [];}  date_approved_par[ '5-1-2026' ][  date_approved_par['5-1-2026'].length  ] = [5,1,2026, 0, 0, 0]; if (typeof( date_approved_par[ '5-2-2026' ] ) == 'undefined'){  date_approved_par[ '5-2-2026' ] = [];}  date_approved_par[ '5-2-2026' ][  date_approved_par['5-2-2026'].length  ] = [5,2,2026, 0, 0, 0]; if (typeof( date_approved_par[ '5-3-2026' ] ) == 'undefined'){  date_approved_par[ '5-3-2026' ] = [];}  date_approved_par[ '5-3-2026' ][  date_approved_par['5-3-2026'].length  ] = [5,3,2026, 0, 0, 0]; if (typeof( date_approved_par[ '5-15-2026' ] ) == 'undefined'){  date_approved_par[ '5-15-2026' ] = [];}  date_approved_par[ '5-15-2026' ][  date_approved_par['5-15-2026'].length  ] = [5,15,2026, 0, 0, 0]; if (typeof( date_approved_par[ '5-16-2026' ] ) == 'undefined'){  date_approved_par[ '5-16-2026' ] = [];}  date_approved_par[ '5-16-2026' ][  date_approved_par['5-16-2026'].length  ] = [5,16,2026, 0, 0, 0]; if (typeof( date_approved_par[ '5-17-2026' ] ) == 'undefined'){  date_approved_par[ '5-17-2026' ] = [];}  date_approved_par[ '5-17-2026' ][  date_approved_par['5-17-2026'].length  ] = [5,17,2026, 0, 0, 0]; if (typeof( date_approved_par[ '5-23-2026' ] ) == 'undefined'){  date_approved_par[ '5-23-2026' ] = [];}  date_approved_par[ '5-23-2026' ][  date_approved_par['5-23-2026'].length  ] = [5,23,2026, 0, 0, 0]; if (typeof( date_approved_par[ '5-24-2026' ] ) == 'undefined'){  date_approved_par[ '5-24-2026' ] = [];}  date_approved_par[ '5-24-2026' ][  date_approved_par['5-24-2026'].length  ] = [5,24,2026, 0, 0, 0]; if (typeof( date_approved_par[ '5-30-2026' ] ) == 'undefined'){  date_approved_par[ '5-30-2026' ] = [];}  date_approved_par[ '5-30-2026' ][  date_approved_par['5-30-2026'].length  ] = [5,30,2026, 0, 0, 0]; if (typeof( date_approved_par[ '5-31-2026' ] ) == 'undefined'){  date_approved_par[ '5-31-2026' ] = [];}  date_approved_par[ '5-31-2026' ][  date_approved_par['5-31-2026'].length  ] = [5,31,2026, 0, 0, 0]; if (typeof( date_approved_par[ '6-5-2026' ] ) == 'undefined'){  date_approved_par[ '6-5-2026' ] = [];}  date_approved_par[ '6-5-2026' ][  date_approved_par['6-5-2026'].length  ] = [6,5,2026, 0, 0, 0]; if (typeof( date_approved_par[ '6-6-2026' ] ) == 'undefined'){  date_approved_par[ '6-6-2026' ] = [];}  date_approved_par[ '6-6-2026' ][  date_approved_par['6-6-2026'].length  ] = [6,6,2026, 0, 0, 0]; if (typeof( date_approved_par[ '6-7-2026' ] ) == 'undefined'){  date_approved_par[ '6-7-2026' ] = [];}  date_approved_par[ '6-7-2026' ][  date_approved_par['6-7-2026'].length  ] = [6,7,2026, 0, 0, 0]; if (typeof( date_approved_par[ '6-13-2026' ] ) == 'undefined'){  date_approved_par[ '6-13-2026' ] = [];}  date_approved_par[ '6-13-2026' ][  date_approved_par['6-13-2026'].length  ] = [6,13,2026, 0, 0, 0]; if (typeof( date_approved_par[ '6-14-2026' ] ) == 'undefined'){  date_approved_par[ '6-14-2026' ] = [];}  date_approved_par[ '6-14-2026' ][  date_approved_par['6-14-2026'].length  ] = [6,14,2026, 0, 0, 0]; if (typeof( date_approved_par[ '6-27-2026' ] ) == 'undefined'){  date_approved_par[ '6-27-2026' ] = [];}  date_approved_par[ '6-27-2026' ][  date_approved_par['6-27-2026'].length  ] = [6,27,2026, 0, 0, 0]; if (typeof( date_approved_par[ '6-28-2026' ] ) == 'undefined'){  date_approved_par[ '6-28-2026' ] = [];}  date_approved_par[ '6-28-2026' ][  date_approved_par['6-28-2026'].length  ] = [6,28,2026, 0, 0, 0]; if (typeof( date_approved_par[ '6-30-2026' ] ) == 'undefined'){  date_approved_par[ '6-30-2026' ] = [];}  date_approved_par[ '6-30-2026' ][  date_approved_par['6-30-2026'].length  ] = [6,30,2026, 0, 0, 0]; if (typeof( date_approved_par[ '7-1-2026' ] ) == 'undefined'){  date_approved_par[ '7-1-2026' ] = [];}  date_approved_par[ '7-1-2026' ][  date_approved_par['7-1-2026'].length  ] = [7,1,2026, 0, 0, 0]; if (typeof( date_approved_par[ '7-2-2026' ] ) == 'undefined'){  date_approved_par[ '7-2-2026' ] = [];}  date_approved_par[ '7-2-2026' ][  date_approved_par['7-2-2026'].length  ] = [7,2,2026, 0, 0, 0]; if (typeof( date_approved_par[ '7-3-2026' ] ) == 'undefined'){  date_approved_par[ '7-3-2026' ] = [];}  date_approved_par[ '7-3-2026' ][  date_approved_par['7-3-2026'].length  ] = [7,3,2026, 0, 0, 0]; if (typeof( date_approved_par[ '7-15-2026' ] ) == 'undefined'){  date_approved_par[ '7-15-2026' ] = [];}  date_approved_par[ '7-15-2026' ][  date_approved_par['7-15-2026'].length  ] = [7,15,2026, 0, 0, 0]; if (typeof( date_approved_par[ '7-16-2026' ] ) == 'undefined'){  date_approved_par[ '7-16-2026' ] = [];}  date_approved_par[ '7-16-2026' ][  date_approved_par['7-16-2026'].length  ] = [7,16,2026, 0, 0, 0]; if (typeof( date_approved_par[ '7-17-2026' ] ) == 'undefined'){  date_approved_par[ '7-17-2026' ] = [];}  date_approved_par[ '7-17-2026' ][  date_approved_par['7-17-2026'].length  ] = [7,17,2026, 0, 0, 0]; if (typeof( date_approved_par[ '7-20-2026' ] ) == 'undefined'){  date_approved_par[ '7-20-2026' ] = [];}  date_approved_par[ '7-20-2026' ][  date_approved_par['7-20-2026'].length  ] = [7,20,2026, 0, 0, 0]; if (typeof( date_approved_par[ '7-21-2026' ] ) == 'undefined'){  date_approved_par[ '7-21-2026' ] = [];}  date_approved_par[ '7-21-2026' ][  date_approved_par['7-21-2026'].length  ] = [7,21,2026, 0, 0, 0]; if (typeof( date_approved_par[ '7-22-2026' ] ) == 'undefined'){  date_approved_par[ '7-22-2026' ] = [];}  date_approved_par[ '7-22-2026' ][  date_approved_par['7-22-2026'].length  ] = [7,22,2026, 0, 0, 0]; if (typeof( date_approved_par[ '7-23-2026' ] ) == 'undefined'){  date_approved_par[ '7-23-2026' ] = [];}  date_approved_par[ '7-23-2026' ][  date_approved_par['7-23-2026'].length  ] = [7,23,2026, 0, 0, 0]; if (typeof( date_approved_par[ '7-24-2026' ] ) == 'undefined'){  date_approved_par[ '7-24-2026' ] = [];}  date_approved_par[ '7-24-2026' ][  date_approved_par['7-24-2026'].length  ] = [7,24,2026, 0, 0, 0]; if (typeof( date_approved_par[ '7-27-2026' ] ) == 'undefined'){  date_approved_par[ '7-27-2026' ] = [];}  date_approved_par[ '7-27-2026' ][  date_approved_par['7-27-2026'].length  ] = [7,27,2026, 0, 0, 0]; if (typeof( date_approved_par[ '7-28-2026' ] ) == 'undefined'){  date_approved_par[ '7-28-2026' ] = [];}  date_approved_par[ '7-28-2026' ][  date_approved_par['7-28-2026'].length  ] = [7,28,2026, 0, 0, 0]; if (typeof( date_approved_par[ '7-29-2026' ] ) == 'undefined'){  date_approved_par[ '7-29-2026' ] = [];}  date_approved_par[ '7-29-2026' ][  date_approved_par['7-29-2026'].length  ] = [7,29,2026, 0, 0, 0]; if (typeof( date_approved_par[ '7-30-2026' ] ) == 'undefined'){  date_approved_par[ '7-30-2026' ] = [];}  date_approved_par[ '7-30-2026' ][  date_approved_par['7-30-2026'].length  ] = [7,30,2026, 0, 0, 0]; if (typeof( date_approved_par[ '7-31-2026' ] ) == 'undefined'){  date_approved_par[ '7-31-2026' ] = [];}  date_approved_par[ '7-31-2026' ][  date_approved_par['7-31-2026'].length  ] = [7,31,2026, 0, 0, 0]; if (typeof( date_approved_par[ '8-1-2026' ] ) == 'undefined'){  date_approved_par[ '8-1-2026' ] = [];}  date_approved_par[ '8-1-2026' ][  date_approved_par['8-1-2026'].length  ] = [8,1,2026, 0, 0, 0]; if (typeof( date_approved_par[ '8-2-2026' ] ) == 'undefined'){  date_approved_par[ '8-2-2026' ] = [];}  date_approved_par[ '8-2-2026' ][  date_approved_par['8-2-2026'].length  ] = [8,2,2026, 0, 0, 0]; if (typeof( date_approved_par[ '8-8-2026' ] ) == 'undefined'){  date_approved_par[ '8-8-2026' ] = [];}  date_approved_par[ '8-8-2026' ][  date_approved_par['8-8-2026'].length  ] = [8,8,2026, 0, 0, 0]; if (typeof( date_approved_par[ '8-9-2026' ] ) == 'undefined'){  date_approved_par[ '8-9-2026' ] = [];}  date_approved_par[ '8-9-2026' ][  date_approved_par['8-9-2026'].length  ] = [8,9,2026, 0, 0, 0]; if (typeof( date_approved_par[ '11-20-2026' ] ) == 'undefined'){  date_approved_par[ '11-20-2026' ] = [];}  date_approved_par[ '11-20-2026' ][  date_approved_par['11-20-2026'].length  ] = [11,20,2026, 0, 0, 0]; if (typeof( date_approved_par[ '11-29-2026' ] ) == 'undefined'){  date_approved_par[ '11-29-2026' ] = [];}  date_approved_par[ '11-29-2026' ][  date_approved_par['11-29-2026'].length  ] = [11,29,2026, 0, 0, 0]; if (typeof( date_approved_par[ '12-12-2026' ] ) == 'undefined'){  date_approved_par[ '12-12-2026' ] = [];}  date_approved_par[ '12-12-2026' ][  date_approved_par['12-12-2026'].length  ] = [12,12,2026, 0, 0, 0]; if (typeof( date_approved_par[ '12-13-2026' ] ) == 'undefined'){  date_approved_par[ '12-13-2026' ] = [];}  date_approved_par[ '12-13-2026' ][  date_approved_par['12-13-2026'].length  ] = [12,13,2026, 0, 0, 0]; if (typeof( date_approved_par[ '12-30-2026' ] ) == 'undefined'){  date_approved_par[ '12-30-2026' ] = [];}  date_approved_par[ '12-30-2026' ][  date_approved_par['12-30-2026'].length  ] = [12,30,2026, 0, 0, 0]; if (typeof( date_approved_par[ '12-31-2026' ] ) == 'undefined'){  date_approved_par[ '12-31-2026' ] = [];}  date_approved_par[ '12-31-2026' ][  date_approved_par['12-31-2026'].length  ] = [12,31,2026, 0, 0, 0]; if (typeof( date_approved_par[ '1-1-2027' ] ) == 'undefined'){  date_approved_par[ '1-1-2027' ] = [];}  date_approved_par[ '1-1-2027' ][  date_approved_par['1-1-2027'].length  ] = [1,1,2027, 0, 0, 0]; if (typeof( date_approved_par[ '1-9-2027' ] ) == 'undefined'){  date_approved_par[ '1-9-2027' ] = [];}  date_approved_par[ '1-9-2027' ][  date_approved_par['1-9-2027'].length  ] = [1,9,2027, 0, 0, 0]; if (typeof( date_approved_par[ '1-10-2027' ] ) == 'undefined'){  date_approved_par[ '1-10-2027' ] = [];}  date_approved_par[ '1-10-2027' ][  date_approved_par['1-10-2027'].length  ] = [1,10,2027, 0, 0, 0];  init_datepick_cal('1', date_approved_par, 1 , 1, false   );  }); <\/script><\/p>\n<div style=\"padding-bottom:20px; padding-top:10px;\" class=\"hupso-share-buttons\"><!-- Hupso Share Buttons - https:\/\/www.hupso.com\/share\/ --><a class=\"hupso_toolbar\" href=\"https:\/\/www.hupso.com\/share\/\"><img src=\"https:\/\/static.hupso.com\/share\/buttons\/lang\/fr\/share-medium.png\" style=\"border:0px; padding-top:5px; float:left;\" alt=\"Share Button\"\/><\/a><script type=\"text\/javascript\">var hupso_services_t=new Array(\"Twitter\",\"Facebook\",\"Email\");var hupso_background_t=\"#EAF4FF\";var hupso_border_t=\"#66CCFF\";var hupso_toolbar_size_t=\"medium\";var hupso_image_folder_url = \"\";var hupso_url_t=\"\";var hupso_title_t=\"R\u00e9servez en ligne\";<\/script><script type=\"text\/javascript\" src=\"https:\/\/static.hupso.com\/share\/js\/share_toolbar.js\"><\/script><!-- Hupso Share Buttons --><\/div>","protected":false},"excerpt":{"rendered":"<p>Avec le formulaire ci-dessous, vous pouvez r\u00e9server le refuge du Club Vosgien de Lemberg. La r\u00e9servation ne sera\u00a0effective\u00a0qu&rsquo;apr\u00e8s acceptation du contrat qui vous sera envoy\u00e9. S\u00e9lectionnez vos jours puis compl\u00e9tez les champs. Un mail de confirmation vous sera envoy\u00e9. &nbsp; Pour des demandes de renseignements (tarifs, \u00e9quipements&#8230;) utilisez le menu \u00ab\u00a0Contact\u00ab\u00a0 &nbsp;<\/p>\n<div style=\"padding-bottom:20px; padding-top:10px;\" class=\"hupso-share-buttons\"><!-- Hupso Share Buttons - https:\/\/www.hupso.com\/share\/ --><a class=\"hupso_toolbar\" href=\"https:\/\/www.hupso.com\/share\/\"><img src=\"https:\/\/static.hupso.com\/share\/buttons\/lang\/fr\/share-medium.png\" style=\"border:0px; padding-top:5px; float:left;\" alt=\"Share Button\"\/><\/a><script type=\"text\/javascript\">var hupso_services_t=new Array(\"Twitter\",\"Facebook\",\"Email\");var hupso_background_t=\"#EAF4FF\";var hupso_border_t=\"#66CCFF\";var hupso_toolbar_size_t=\"medium\";var hupso_image_folder_url = \"\";var hupso_url_t=\"\";var hupso_title_t=\"R\u00e9servez en ligne\";<\/script><script type=\"text\/javascript\" src=\"https:\/\/static.hupso.com\/share\/js\/share_toolbar.js\"><\/script><!-- Hupso Share Buttons --><\/div>","protected":false},"author":2,"featured_media":0,"parent":0,"menu_order":0,"comment_status":"closed","ping_status":"closed","template":"","meta":{"_monsterinsights_skip_tracking":false,"_monsterinsights_sitenote_active":false,"_monsterinsights_sitenote_note":"","_monsterinsights_sitenote_category":0},"_links":{"self":[{"href":"https:\/\/www.club-vosgien-lemberg.net\/wordpress\/index.php?rest_route=\/wp\/v2\/pages\/425"}],"collection":[{"href":"https:\/\/www.club-vosgien-lemberg.net\/wordpress\/index.php?rest_route=\/wp\/v2\/pages"}],"about":[{"href":"https:\/\/www.club-vosgien-lemberg.net\/wordpress\/index.php?rest_route=\/wp\/v2\/types\/page"}],"author":[{"embeddable":true,"href":"https:\/\/www.club-vosgien-lemberg.net\/wordpress\/index.php?rest_route=\/wp\/v2\/users\/2"}],"replies":[{"embeddable":true,"href":"https:\/\/www.club-vosgien-lemberg.net\/wordpress\/index.php?rest_route=%2Fwp%2Fv2%2Fcomments&post=425"}],"version-history":[{"count":7,"href":"https:\/\/www.club-vosgien-lemberg.net\/wordpress\/index.php?rest_route=\/wp\/v2\/pages\/425\/revisions"}],"predecessor-version":[{"id":1788,"href":"https:\/\/www.club-vosgien-lemberg.net\/wordpress\/index.php?rest_route=\/wp\/v2\/pages\/425\/revisions\/1788"}],"wp:attachment":[{"href":"https:\/\/www.club-vosgien-lemberg.net\/wordpress\/index.php?rest_route=%2Fwp%2Fv2%2Fmedia&parent=425"}],"curies":[{"name":"wp","href":"https:\/\/api.w.org\/{rel}","templated":true}]}}