{"id":82,"date":"2011-01-03T21:03:11","date_gmt":"2011-01-03T20:03:11","guid":{"rendered":"http:\/\/www.club-vosgien-lemberg.net\/wordpress\/?page_id=82"},"modified":"2014-07-27T08:13:03","modified_gmt":"2014-07-27T07:13:03","slug":"terre-de-cristal","status":"publish","type":"page","link":"https:\/\/www.club-vosgien-lemberg.net\/wordpress\/?page_id=82","title":{"rendered":"Terre de Cristal"},"content":{"rendered":"<p>Cette randonn\u00e9e circulaire vous m\u00e8nera de Lemberg \u00e0 Enchenberg puis \u00e0 Saint Louis et sa pr\u00e9stigieuse cristallerie.Un petit crochet par Goetzenbuck et vous \u00eates de retour sur Lemberg. Une randonn\u00e9e circulaire, avec quelques difficult\u00e9s. Prevoir une bonne journ\u00e9e.<\/p>\n<p>[map style=\u00a0\u00bbwidth: auto; height:400px; margin:20px 0px 20px 0px; border: 1px solid black;\u00a0\u00bb gpx=\u00a0\u00bbhttp:\/\/www.club-vosgien-lemberg.net\/wordpress\/wp-content\/uploads\/disque_vert.gpx\u00a0\u00bb]<\/p>\n<address>Distance totale:19 km<\/address>\n<address>Dur\u00e9e de marche estim\u00e9e:6 heures<\/address>\n<address>D\u00e9nivel\u00e9 positif:650m<\/address>\n<address>Altitude maximum:398 m\u00e8tres<\/address>\n<address>D\u00e9part:Chalet refuge<\/address>\n<address>Arriv\u00e9e:Chalet refuge<\/address>\n<address>Balisage: Disque vert sur tout le parcours.<\/address>\n<p>L&rsquo;ensemble de cette randonn\u00e9e circulaire est balis\u00e9e avec le disque vert. Deux d\u00e9parts possibles:<\/p>\n<address>Au chalet refuge du club vosgien. Dans ce cas, rejoindre le circuit disque vert au niveau de l&rsquo;\u00e9glise.<br \/>\nA la place de la poste.<\/address>\n<p>Traversez le village en suivant la grand&rsquo;rue. Passez pr\u00e8s de l&rsquo;\u00e9glise puis traversez le lotissement. Apr\u00e8s quelques m\u00e8tre, le chemin s&rsquo;enfonce dans les bois puis descend en pente raide dans la vall\u00e9e <strong>(2,5 km ; 30&prime;)<\/strong>. Suivez la vall\u00e9e. Apr\u00e8s quelques minutes de marche vous arrivez \u00e0 l&rsquo;\u00e9tang de la Loeschersbach <strong>(4.2 km, 1h)<\/strong>. Ici se trouvait il y a quelques ann\u00e9es un restaurant et une guinguette qui attirait les villageois les dimanches apr\u00e8s midi. Le large chemin suit la vall\u00e9e en longeant quelques \u00e9tangs. Il d\u00e9bouche sur une petite route, qui m\u00e8ne de Enchenberg \u00e0 Lambach. Suivez cette route en prenant \u00e0 gauche. Le chemin prend \u00e0 droite en d\u00e9bouche sur la chapelle Sainte V\u00e9r\u00e8ne <strong>(5.3 km, 1h20)<\/strong>. Suivez toujours le disque vert qui remonte vers Enchenberg. Le sentier longe un chemin de croix datant du XVII\u00e8me si\u00e8cle. Apr\u00e8s quelques minutes, vous \u00eates \u00e0 l&rsquo;\u00e9glise du village <strong>(6km,1h30)<\/strong> . Traversez le village tout en suivant le disque vert. Un beau chemin longe la voie ferr\u00e9e puis arrive au col de la Finschterbach <strong>(8,5km, 2h15)<\/strong>. Suivez sur une centaine de m\u00e8tre la route puis le chemin qui s&rsquo;enfonce sur votre droite vers Saint Louis. Apr\u00e8s avoir travers\u00e9 une belle for\u00eat de majestueux sapins, vous arrivez au village de Saint-Louis. Ce dernier est connut pour sa cristallerie.Vous d\u00e9bouchez sur le village par un quartier de maisons de verriers appel\u00e9 \u00ab\u00a0d&rsquo;H\u00e4merie\u00a0\u00bb ou \u00a0\u00bb l&rsquo;accord\u00e9on\u00a0\u00bb. Un long escalier vous d\u00e9pose au centre du village o\u00f9 vous pouvez visiter le magasin de la cristalerie ainsi que son mus\u00e9e (<strong>10,5km, 2h45)<\/strong>. Traversez le village. Un sentier relativement raide vous emm\u00e8ne jusqu&rsquo;\u00e0 Goetzenbruck (<strong>13,7 km, 3h30)<\/strong>. Ce village est \u00e9galement connu pour sa verrerie. On y inventa les fameuses boulles de No\u00ebl au XIX\u00e8me si\u00e8cle ! Longez la grand&rsquo;rue, le chemin s&rsquo;enfonce rapidement dans la vall\u00e9e. Toujours en suivant de disque vert, vous arrivez sur la route qui m\u00e8ne de Lemberg \u00e0 Mouterhouse <strong>(16,3 km, 4h30)<\/strong>.Remontez la Moderbach par la Bildmuhl. Apr\u00e8s un dernier effort, vous \u00eates de retour \u00e0 Lemberg <strong>(19km, 6h) <\/strong>!<\/p>\n<p>&nbsp;<\/p>\n<p style=\"text-align: center;\">\n<div style=\"padding-bottom:20px; padding-top:10px;\" class=\"hupso-share-buttons\"><!-- Hupso Share Buttons - https:\/\/www.hupso.com\/share\/ --><a class=\"hupso_toolbar\" href=\"https:\/\/www.hupso.com\/share\/\"><img src=\"https:\/\/static.hupso.com\/share\/buttons\/lang\/fr\/share-medium.png\" style=\"border:0px; padding-top:5px; float:left;\" alt=\"Share Button\"\/><\/a><script type=\"text\/javascript\">var hupso_services_t=new Array(\"Twitter\",\"Facebook\",\"Email\");var hupso_background_t=\"#EAF4FF\";var hupso_border_t=\"#66CCFF\";var hupso_toolbar_size_t=\"medium\";var hupso_image_folder_url = \"\";var hupso_url_t=\"\";var hupso_title_t=\"Terre de Cristal\";<\/script><script type=\"text\/javascript\" src=\"https:\/\/static.hupso.com\/share\/js\/share_toolbar.js\"><\/script><!-- Hupso Share Buttons --><\/div>","protected":false},"excerpt":{"rendered":"<p>Cette randonn\u00e9e circulaire vous m\u00e8nera de Lemberg \u00e0 Enchenberg puis \u00e0 Saint Louis et sa pr\u00e9stigieuse cristallerie.Un petit crochet par Goetzenbuck et vous \u00eates de retour sur Lemberg. Une randonn\u00e9e circulaire, avec quelques difficult\u00e9s. Prevoir une bonne journ\u00e9e. [map style=\u00a0\u00bbwidth: auto; height:400px; margin:20px 0px 20px 0px; border: 1px solid black;\u00a0\u00bb gpx=\u00a0\u00bbhttp:\/\/www.club-vosgien-lemberg.net\/wordpress\/wp-content\/uploads\/disque_vert.gpx\u00a0\u00bb] Distance totale:19 km Dur\u00e9e [&hellip;]<\/p>\n<div style=\"padding-bottom:20px; padding-top:10px;\" class=\"hupso-share-buttons\"><!-- Hupso Share Buttons - https:\/\/www.hupso.com\/share\/ --><a class=\"hupso_toolbar\" href=\"https:\/\/www.hupso.com\/share\/\"><img src=\"https:\/\/static.hupso.com\/share\/buttons\/lang\/fr\/share-medium.png\" style=\"border:0px; padding-top:5px; float:left;\" alt=\"Share Button\"\/><\/a><script type=\"text\/javascript\">var hupso_services_t=new Array(\"Twitter\",\"Facebook\",\"Email\");var hupso_background_t=\"#EAF4FF\";var hupso_border_t=\"#66CCFF\";var hupso_toolbar_size_t=\"medium\";var hupso_image_folder_url = \"\";var hupso_url_t=\"\";var hupso_title_t=\"Terre de Cristal\";<\/script><script type=\"text\/javascript\" src=\"https:\/\/static.hupso.com\/share\/js\/share_toolbar.js\"><\/script><!-- Hupso Share Buttons --><\/div>","protected":false},"author":1,"featured_media":0,"parent":85,"menu_order":0,"comment_status":"closed","ping_status":"closed","template":"onecolumn-page.php","meta":{"_monsterinsights_skip_tracking":false,"_monsterinsights_sitenote_active":false,"_monsterinsights_sitenote_note":"","_monsterinsights_sitenote_category":0},"_links":{"self":[{"href":"https:\/\/www.club-vosgien-lemberg.net\/wordpress\/index.php?rest_route=\/wp\/v2\/pages\/82"}],"collection":[{"href":"https:\/\/www.club-vosgien-lemberg.net\/wordpress\/index.php?rest_route=\/wp\/v2\/pages"}],"about":[{"href":"https:\/\/www.club-vosgien-lemberg.net\/wordpress\/index.php?rest_route=\/wp\/v2\/types\/page"}],"author":[{"embeddable":true,"href":"https:\/\/www.club-vosgien-lemberg.net\/wordpress\/index.php?rest_route=\/wp\/v2\/users\/1"}],"replies":[{"embeddable":true,"href":"https:\/\/www.club-vosgien-lemberg.net\/wordpress\/index.php?rest_route=%2Fwp%2Fv2%2Fcomments&post=82"}],"version-history":[{"count":8,"href":"https:\/\/www.club-vosgien-lemberg.net\/wordpress\/index.php?rest_route=\/wp\/v2\/pages\/82\/revisions"}],"predecessor-version":[{"id":971,"href":"https:\/\/www.club-vosgien-lemberg.net\/wordpress\/index.php?rest_route=\/wp\/v2\/pages\/82\/revisions\/971"}],"up":[{"embeddable":true,"href":"https:\/\/www.club-vosgien-lemberg.net\/wordpress\/index.php?rest_route=\/wp\/v2\/pages\/85"}],"wp:attachment":[{"href":"https:\/\/www.club-vosgien-lemberg.net\/wordpress\/index.php?rest_route=%2Fwp%2Fv2%2Fmedia&parent=82"}],"curies":[{"name":"wp","href":"https:\/\/api.w.org\/{rel}","templated":true}]}}