{"id":93,"date":"2011-01-03T21:16:34","date_gmt":"2011-01-03T20:16:34","guid":{"rendered":"http:\/\/www.club-vosgien-lemberg.net\/wordpress\/?page_id=93"},"modified":"2011-09-09T16:04:43","modified_gmt":"2011-09-09T15:04:43","slug":"ouverture","status":"publish","type":"page","link":"https:\/\/www.club-vosgien-lemberg.net\/wordpress\/?page_id=93","title":{"rendered":"Ouverture"},"content":{"rendered":"<p>Le chalet refuge du Club Vosgien de Lemberg est ouvert:<\/p>\n<ul>\n<li>Le vendredi de 17h00 \u00e0 20h00<\/li>\n<li>Le samedi de 17h00 \u00e0 20h00<\/li>\n<li>Le dimanche et les certains jours f\u00e9ri\u00e9s de 10h00 \u00e0 19h00.<\/li>\n<\/ul>\n<p>En r\u00e8gle g\u00e9n\u00e9ral, le chalet est ouvert toute l&rsquo;ann\u00e9e. Toutefois, en raison de disponibilit\u00e9 de nos b\u00e9n\u00e9voles ou en cas de mauvais temps, il est possible que le chalet soit\u00a0exceptionnellement\u00a0ferm\u00e9. N&rsquo;h\u00e9sitez pas \u00e0 nous contacter pour avoir une confirmation d&rsquo;ouverture. (menu \u00ab\u00a0contact\u00a0\u00bb).<\/p>\n<p>Les repas tir\u00e9s du sac sont autoris\u00e9s,\u00a0mais\u00a0les boissons sont \u00e0 prendre sur place.<\/p>\n<div style=\"padding-bottom:20px; padding-top:10px;\" class=\"hupso-share-buttons\"><!-- Hupso Share Buttons - https:\/\/www.hupso.com\/share\/ --><a class=\"hupso_toolbar\" href=\"https:\/\/www.hupso.com\/share\/\"><img src=\"https:\/\/static.hupso.com\/share\/buttons\/lang\/fr\/share-medium.png\" style=\"border:0px; padding-top:5px; float:left;\" alt=\"Share Button\"\/><\/a><script type=\"text\/javascript\">var hupso_services_t=new Array(\"Twitter\",\"Facebook\",\"Email\");var hupso_background_t=\"#EAF4FF\";var hupso_border_t=\"#66CCFF\";var hupso_toolbar_size_t=\"medium\";var hupso_image_folder_url = \"\";var hupso_url_t=\"\";var hupso_title_t=\"Ouverture\";<\/script><script type=\"text\/javascript\" src=\"https:\/\/static.hupso.com\/share\/js\/share_toolbar.js\"><\/script><!-- Hupso Share Buttons --><\/div>","protected":false},"excerpt":{"rendered":"<p>Le chalet refuge du Club Vosgien de Lemberg est ouvert: Le vendredi de 17h00 \u00e0 20h00 Le samedi de 17h00 \u00e0 20h00 Le dimanche et les certains jours f\u00e9ri\u00e9s de 10h00 \u00e0 19h00. En r\u00e8gle g\u00e9n\u00e9ral, le chalet est ouvert toute l&rsquo;ann\u00e9e. Toutefois, en raison de disponibilit\u00e9 de nos b\u00e9n\u00e9voles ou en cas de mauvais [&hellip;]<\/p>\n<div style=\"padding-bottom:20px; padding-top:10px;\" class=\"hupso-share-buttons\"><!-- Hupso Share Buttons - https:\/\/www.hupso.com\/share\/ --><a class=\"hupso_toolbar\" href=\"https:\/\/www.hupso.com\/share\/\"><img src=\"https:\/\/static.hupso.com\/share\/buttons\/lang\/fr\/share-medium.png\" style=\"border:0px; padding-top:5px; float:left;\" alt=\"Share Button\"\/><\/a><script type=\"text\/javascript\">var hupso_services_t=new Array(\"Twitter\",\"Facebook\",\"Email\");var hupso_background_t=\"#EAF4FF\";var hupso_border_t=\"#66CCFF\";var hupso_toolbar_size_t=\"medium\";var hupso_image_folder_url = \"\";var hupso_url_t=\"\";var hupso_title_t=\"Ouverture\";<\/script><script type=\"text\/javascript\" src=\"https:\/\/static.hupso.com\/share\/js\/share_toolbar.js\"><\/script><!-- Hupso Share Buttons --><\/div>","protected":false},"author":1,"featured_media":0,"parent":0,"menu_order":0,"comment_status":"closed","ping_status":"closed","template":"","meta":{"_monsterinsights_skip_tracking":false,"_monsterinsights_sitenote_active":false,"_monsterinsights_sitenote_note":"","_monsterinsights_sitenote_category":0},"_links":{"self":[{"href":"https:\/\/www.club-vosgien-lemberg.net\/wordpress\/index.php?rest_route=\/wp\/v2\/pages\/93"}],"collection":[{"href":"https:\/\/www.club-vosgien-lemberg.net\/wordpress\/index.php?rest_route=\/wp\/v2\/pages"}],"about":[{"href":"https:\/\/www.club-vosgien-lemberg.net\/wordpress\/index.php?rest_route=\/wp\/v2\/types\/page"}],"author":[{"embeddable":true,"href":"https:\/\/www.club-vosgien-lemberg.net\/wordpress\/index.php?rest_route=\/wp\/v2\/users\/1"}],"replies":[{"embeddable":true,"href":"https:\/\/www.club-vosgien-lemberg.net\/wordpress\/index.php?rest_route=%2Fwp%2Fv2%2Fcomments&post=93"}],"version-history":[{"count":4,"href":"https:\/\/www.club-vosgien-lemberg.net\/wordpress\/index.php?rest_route=\/wp\/v2\/pages\/93\/revisions"}],"predecessor-version":[{"id":439,"href":"https:\/\/www.club-vosgien-lemberg.net\/wordpress\/index.php?rest_route=\/wp\/v2\/pages\/93\/revisions\/439"}],"wp:attachment":[{"href":"https:\/\/www.club-vosgien-lemberg.net\/wordpress\/index.php?rest_route=%2Fwp%2Fv2%2Fmedia&parent=93"}],"curies":[{"name":"wp","href":"https:\/\/api.w.org\/{rel}","templated":true}]}}